{"id":182,"date":"2026-03-14T06:33:48","date_gmt":"2026-03-14T06:33:48","guid":{"rendered":"https:\/\/inprafun.hr\/?page_id=182"},"modified":"2026-03-14T07:22:21","modified_gmt":"2026-03-14T07:22:21","slug":"dizajn-i-primjena-spojeva-na-bazi-dusika-u-biomedicini-i-zastiti-okolisa","status":"publish","type":"page","link":"https:\/\/inprafun.hr\/en\/o-projektu\/dizajn-i-primjena-spojeva-na-bazi-dusika-u-biomedicini-i-zastiti-okolisa\/","title":{"rendered":"Design and Application of Nitrogen-Based Compounds in Biomedicine and Environmental Protection"},"content":{"rendered":"<p>This work package focuses on the development of new functional nitrogen-containing\nmolecules with potential applications in healthcare and environmental monitoring. The\nresearch encompasses the design of compounds with pronounced antifungal and antitumoral activities, as well as the development of innovative fluorescent tags for tracking drug delivery systems within the body. Special emphasis is placed on the principles of \"Green Chemistry,\" ensuring sustainable synthesis with minimal environmental impact.<\/p>","protected":false},"excerpt":{"rendered":"<p>Ovaj radni paket usmjeren je na razvoj novih funkcionalnih molekula koje sadr\u017ee du\u0161ik, a koje imaju potencijalnu primjenu u o\u010duvanju zdravlja i monitoringu okoli\u0161a. Istra\u017eivanje obuhva\u0107a dizajniranje spojeva s izra\u017eenim antifungalnim i antitumorskim djelovanjem te razvoj inovativnih fluorescentnih oznaka koje omogu\u0107uju pra\u0107enje sustava za dostavu lijekova u organizmu. Poseban naglasak [&hellip;]<\/p>\n","protected":false},"author":1,"featured_media":0,"parent":37,"menu_order":0,"comment_status":"closed","ping_status":"closed","template":"","meta":{"_themeisle_gutenberg_block_has_review":false,"footnotes":""},"class_list":["post-182","page","type-page","status-publish","hentry"],"_links":{"self":[{"href":"https:\/\/inprafun.hr\/en\/wp-json\/wp\/v2\/pages\/182","targetHints":{"allow":["GET"]}}],"collection":[{"href":"https:\/\/inprafun.hr\/en\/wp-json\/wp\/v2\/pages"}],"about":[{"href":"https:\/\/inprafun.hr\/en\/wp-json\/wp\/v2\/types\/page"}],"author":[{"embeddable":true,"href":"https:\/\/inprafun.hr\/en\/wp-json\/wp\/v2\/users\/1"}],"replies":[{"embeddable":true,"href":"https:\/\/inprafun.hr\/en\/wp-json\/wp\/v2\/comments?post=182"}],"version-history":[{"count":3,"href":"https:\/\/inprafun.hr\/en\/wp-json\/wp\/v2\/pages\/182\/revisions"}],"predecessor-version":[{"id":237,"href":"https:\/\/inprafun.hr\/en\/wp-json\/wp\/v2\/pages\/182\/revisions\/237"}],"up":[{"embeddable":true,"href":"https:\/\/inprafun.hr\/en\/wp-json\/wp\/v2\/pages\/37"}],"wp:attachment":[{"href":"https:\/\/inprafun.hr\/en\/wp-json\/wp\/v2\/media?parent=182"}],"curies":[{"name":"wp","href":"https:\/\/api.w.org\/{rel}","templated":true}]}}