{"id":185,"date":"2026-03-14T06:34:13","date_gmt":"2026-03-14T06:34:13","guid":{"rendered":"https:\/\/inprafun.hr\/?page_id=185"},"modified":"2026-03-14T07:24:48","modified_gmt":"2026-03-14T07:24:48","slug":"razvoj-senzorskih-sustava-za-detekciju-triazola","status":"publish","type":"page","link":"https:\/\/inprafun.hr\/en\/o-projektu\/razvoj-senzorskih-sustava-za-detekciju-triazola\/","title":{"rendered":"Development of Sensor Systems for Triazole Detection"},"content":{"rendered":"<p>The objective of this work package is the creation of simple, fast, and cost-effective\nelectrochemical sensors for the detection of triazoles. As these compounds are widely used in agriculture as pesticides and in the pharmaceutical industry, their presence in water and food can pose health risks. The developed sensors will enable reliable quality control and pollution monitoring in real-world samples without the need for time-consuming and expensive laboratory procedures.<\/p>","protected":false},"excerpt":{"rendered":"<p>Cilj ovog radnog paketa je izrada jednostavnih, brzih i ekonomski povoljnih elektrokemijskih senzora za otkrivanje triazola. Budu\u0107i da se ovi spojevi masovno koriste u poljoprivredi kao pesticidi i u farmaceutskoj industriji, njihova prisutnost u vodi i hrani mo\u017ee predstavljati rizik za zdravlje. Razvijeni senzori omogu\u0107it \u0107e pouzdanu kontrolu kvalitete i [&hellip;]<\/p>\n","protected":false},"author":1,"featured_media":0,"parent":37,"menu_order":0,"comment_status":"closed","ping_status":"closed","template":"","meta":{"_themeisle_gutenberg_block_has_review":false,"footnotes":""},"class_list":["post-185","page","type-page","status-publish","hentry"],"_links":{"self":[{"href":"https:\/\/inprafun.hr\/en\/wp-json\/wp\/v2\/pages\/185","targetHints":{"allow":["GET"]}}],"collection":[{"href":"https:\/\/inprafun.hr\/en\/wp-json\/wp\/v2\/pages"}],"about":[{"href":"https:\/\/inprafun.hr\/en\/wp-json\/wp\/v2\/types\/page"}],"author":[{"embeddable":true,"href":"https:\/\/inprafun.hr\/en\/wp-json\/wp\/v2\/users\/1"}],"replies":[{"embeddable":true,"href":"https:\/\/inprafun.hr\/en\/wp-json\/wp\/v2\/comments?post=185"}],"version-history":[{"count":2,"href":"https:\/\/inprafun.hr\/en\/wp-json\/wp\/v2\/pages\/185\/revisions"}],"predecessor-version":[{"id":240,"href":"https:\/\/inprafun.hr\/en\/wp-json\/wp\/v2\/pages\/185\/revisions\/240"}],"up":[{"embeddable":true,"href":"https:\/\/inprafun.hr\/en\/wp-json\/wp\/v2\/pages\/37"}],"wp:attachment":[{"href":"https:\/\/inprafun.hr\/en\/wp-json\/wp\/v2\/media?parent=185"}],"curies":[{"name":"wp","href":"https:\/\/api.w.org\/{rel}","templated":true}]}}