{"id":187,"date":"2026-03-14T06:34:38","date_gmt":"2026-03-14T06:34:38","guid":{"rendered":"https:\/\/inprafun.hr\/?page_id=187"},"modified":"2026-03-14T07:23:08","modified_gmt":"2026-03-14T07:23:08","slug":"monitoring-organskih-oneciscivala-u-vodenim-ekosustavima","status":"publish","type":"page","link":"https:\/\/inprafun.hr\/en\/o-projektu\/monitoring-organskih-oneciscivala-u-vodenim-ekosustavima\/","title":{"rendered":"Monitoring of Organic Pollutants in Aquatic Ecosystems"},"content":{"rendered":"<p>Within the third work package, advanced sensor materials specialized for the detection of a\nwide range of organic pollutants, such as pharmaceuticals, disinfectants, and surfactants, are being developed. The focus is on creating high-sensitivity electrodes capable of real-time\nmonitoring of harmful substances in wastewater and surface waters. This directly contributes to the protection of water resources, which are increasingly under pressure from modern industrial and urban challenges.<\/p>","protected":false},"excerpt":{"rendered":"<p>U okviru tre\u0107eg radnog paketa razvijaju se napredni senzorski materijali specijalizirani za detekciju \u0161irokog spektra organskih zaga\u0111ivala, poput farmaceutika, dezinficijenasa i tenzida. Fokus je na razvoju visokoosjetljivih elektroda koje mogu pratiti prisutnost \u0161tetnih tvari u otpadnim i povr\u0161inskim vodama u stvarnom vremenu. Ovime se izravno doprinosi za\u0161titi vodnih resursa koji [&hellip;]<\/p>\n","protected":false},"author":1,"featured_media":0,"parent":37,"menu_order":0,"comment_status":"closed","ping_status":"closed","template":"","meta":{"_themeisle_gutenberg_block_has_review":false,"footnotes":""},"class_list":["post-187","page","type-page","status-publish","hentry"],"_links":{"self":[{"href":"https:\/\/inprafun.hr\/en\/wp-json\/wp\/v2\/pages\/187","targetHints":{"allow":["GET"]}}],"collection":[{"href":"https:\/\/inprafun.hr\/en\/wp-json\/wp\/v2\/pages"}],"about":[{"href":"https:\/\/inprafun.hr\/en\/wp-json\/wp\/v2\/types\/page"}],"author":[{"embeddable":true,"href":"https:\/\/inprafun.hr\/en\/wp-json\/wp\/v2\/users\/1"}],"replies":[{"embeddable":true,"href":"https:\/\/inprafun.hr\/en\/wp-json\/wp\/v2\/comments?post=187"}],"version-history":[{"count":2,"href":"https:\/\/inprafun.hr\/en\/wp-json\/wp\/v2\/pages\/187\/revisions"}],"predecessor-version":[{"id":238,"href":"https:\/\/inprafun.hr\/en\/wp-json\/wp\/v2\/pages\/187\/revisions\/238"}],"up":[{"embeddable":true,"href":"https:\/\/inprafun.hr\/en\/wp-json\/wp\/v2\/pages\/37"}],"wp:attachment":[{"href":"https:\/\/inprafun.hr\/en\/wp-json\/wp\/v2\/media?parent=187"}],"curies":[{"name":"wp","href":"https:\/\/api.w.org\/{rel}","templated":true}]}}