{"id":189,"date":"2026-03-14T06:35:16","date_gmt":"2026-03-14T06:35:16","guid":{"rendered":"https:\/\/inprafun.hr\/?page_id=189"},"modified":"2026-03-14T07:19:42","modified_gmt":"2026-03-14T07:19:42","slug":"analiza-biogenih-amina-kao-pokazatelja-sigurnosti-hrane","status":"publish","type":"page","link":"https:\/\/inprafun.hr\/en\/o-projektu\/analiza-biogenih-amina-kao-pokazatelja-sigurnosti-hrane\/","title":{"rendered":"Analysis of Biogenic Amines as Food Safety Indicators"},"content":{"rendered":"<p>This work package is dedicated to the analysis of biogenic amines\u2014organic compounds that\nserve as key indicators of the freshness and safety of food products. The research involves the development and application of modern analytical methods to precisely determine their\nconcentration in food, beverages, and food industry wastewater. The results will allow for\nbetter assessment of spoilage and  contamination processes, directly impacting consumer protection and the improvement of food quality systems.<\/p>","protected":false},"excerpt":{"rendered":"<p>Ovaj radni paket posve\u0107en je analizi biogenih amina, organskih spojeva koji slu\u017ee kao klju\u010dni indikatori svje\u017eine i sigurnosti prehrambenih proizvoda. Istra\u017eivanje uklju\u010duje razvoj i primjenu suvremenih analiti\u010dkih metoda za precizno odre\u0111ivanje njihove koncentracije u hrani, pi\u0107u i otpadnim vodama prehrambene industrije. Rezultati \u0107e omogu\u0107iti bolju procjenu procesa kvarenja i kontaminacije, [&hellip;]<\/p>\n","protected":false},"author":1,"featured_media":0,"parent":37,"menu_order":0,"comment_status":"closed","ping_status":"closed","template":"","meta":{"_themeisle_gutenberg_block_has_review":false,"footnotes":""},"class_list":["post-189","page","type-page","status-publish","hentry"],"_links":{"self":[{"href":"https:\/\/inprafun.hr\/en\/wp-json\/wp\/v2\/pages\/189","targetHints":{"allow":["GET"]}}],"collection":[{"href":"https:\/\/inprafun.hr\/en\/wp-json\/wp\/v2\/pages"}],"about":[{"href":"https:\/\/inprafun.hr\/en\/wp-json\/wp\/v2\/types\/page"}],"author":[{"embeddable":true,"href":"https:\/\/inprafun.hr\/en\/wp-json\/wp\/v2\/users\/1"}],"replies":[{"embeddable":true,"href":"https:\/\/inprafun.hr\/en\/wp-json\/wp\/v2\/comments?post=189"}],"version-history":[{"count":2,"href":"https:\/\/inprafun.hr\/en\/wp-json\/wp\/v2\/pages\/189\/revisions"}],"predecessor-version":[{"id":235,"href":"https:\/\/inprafun.hr\/en\/wp-json\/wp\/v2\/pages\/189\/revisions\/235"}],"up":[{"embeddable":true,"href":"https:\/\/inprafun.hr\/en\/wp-json\/wp\/v2\/pages\/37"}],"wp:attachment":[{"href":"https:\/\/inprafun.hr\/en\/wp-json\/wp\/v2\/media?parent=189"}],"curies":[{"name":"wp","href":"https:\/\/api.w.org\/{rel}","templated":true}]}}