{"id":191,"date":"2026-03-14T06:35:35","date_gmt":"2026-03-14T06:35:35","guid":{"rendered":"https:\/\/inprafun.hr\/?page_id=191"},"modified":"2026-03-14T07:24:01","modified_gmt":"2026-03-14T07:24:01","slug":"napredni-materijali-za-prociscavanje-otpadnih-voda","status":"publish","type":"page","link":"https:\/\/inprafun.hr\/en\/o-projektu\/napredni-materijali-za-prociscavanje-otpadnih-voda\/","title":{"rendered":"Advanced Materials for Wastewater Treatment"},"content":{"rendered":"<p>The fifth work package investigates the application of innovative high-entropy oxides as\ncatalysts for the degradation of persistent organic pollutants in water. By utilizing solar\nenergy and advanced oxidation processes, these materials enable the efficient removal of\npharmaceutical residues and other harmful substances that conventional treatment systems struggle to process. The research aims to develop stable and sustainable solutions that can be reused in wastewater treatment processes.<\/p>","protected":false},"excerpt":{"rendered":"<p>Peti radni paket istra\u017euje primjenu inovativnih visokoentropijskih oksida kao katalizatora za razgradnju postojanih organskih zaga\u0111ivala u vodi. Kori\u0161tenjem sun\u010deve energije i naprednih oksidacijskih procesa, ovi materijali omogu\u0107uju u\u010dinkovito uklanjanje ostataka lijekova i drugih \u0161tetnih tvari koje klasi\u010dni sustavi pro\u010di\u0161\u0107avanja te\u0161ko obra\u0111uju. Istra\u017eivanje te\u017ei razvoju stabilnih i odr\u017eivih rje\u0161enja koja se [&hellip;]<\/p>\n","protected":false},"author":1,"featured_media":0,"parent":37,"menu_order":0,"comment_status":"closed","ping_status":"closed","template":"","meta":{"_themeisle_gutenberg_block_has_review":false,"footnotes":""},"class_list":["post-191","page","type-page","status-publish","hentry"],"_links":{"self":[{"href":"https:\/\/inprafun.hr\/en\/wp-json\/wp\/v2\/pages\/191","targetHints":{"allow":["GET"]}}],"collection":[{"href":"https:\/\/inprafun.hr\/en\/wp-json\/wp\/v2\/pages"}],"about":[{"href":"https:\/\/inprafun.hr\/en\/wp-json\/wp\/v2\/types\/page"}],"author":[{"embeddable":true,"href":"https:\/\/inprafun.hr\/en\/wp-json\/wp\/v2\/users\/1"}],"replies":[{"embeddable":true,"href":"https:\/\/inprafun.hr\/en\/wp-json\/wp\/v2\/comments?post=191"}],"version-history":[{"count":2,"href":"https:\/\/inprafun.hr\/en\/wp-json\/wp\/v2\/pages\/191\/revisions"}],"predecessor-version":[{"id":239,"href":"https:\/\/inprafun.hr\/en\/wp-json\/wp\/v2\/pages\/191\/revisions\/239"}],"up":[{"embeddable":true,"href":"https:\/\/inprafun.hr\/en\/wp-json\/wp\/v2\/pages\/37"}],"wp:attachment":[{"href":"https:\/\/inprafun.hr\/en\/wp-json\/wp\/v2\/media?parent=191"}],"curies":[{"name":"wp","href":"https:\/\/api.w.org\/{rel}","templated":true}]}}