{"id":37,"date":"2026-02-28T20:13:36","date_gmt":"2026-02-28T20:13:36","guid":{"rendered":"https:\/\/inprafun.hr\/?page_id=37"},"modified":"2026-03-22T10:33:43","modified_gmt":"2026-03-22T10:33:43","slug":"o-projektu","status":"publish","type":"page","link":"https:\/\/inprafun.hr\/en\/o-projektu\/","title":{"rendered":"About project"},"content":{"rendered":"<p>The <strong>Integrated approaches in the development and analysis of bioactive and environmentally relevant functional compounds (INPRAFUN)<\/strong> project represents a\nstrategic framework for strengthening scientific research activities at the Department of Chemistry through the establishment of an integrated, multidisciplinary and collaborative\nresearch unit. By connecting experts from the fields of organic, analytical and physical chemistry as well as biochemistry and physics, the project lays the foundation for the sustainable development of scientific excellence and innovative research approaches, which is one of its key objectives. <\/p>\n\n\n\n<p>The project supports the strengthening of research capacities, increasing the productivity and\nquality of scientific publications, especially in high-ranking journals. Special emphasis is placed on the active involvement of students at all levels of study in scientific research work, thereby contributing to the development of their competencies and increasing employability. <\/p>\n\n\n\n<p>The project is structured into five thematic work packages that include the synthesis and characterization of bioactive and  evironmentally relevant functional compounds based on nitrogen heterocyclic systems, the development of sensor and analytical methods with an emphasis on nitrogen compounds, the application of advanced materials in environmental technologies, and the investigation of the structures, properties and functions of materials.\nThrough these activities, the project generates innovative solutions with potential applications\nin the fields of health, environmental protection and industry, thereby contributing to the\ndevelopment of scientific excellence and increasing the social relevance of chemistry as a basic science.<\/p>\n\n\n\n<div style=\"height:100px\" aria-hidden=\"true\" class=\"wp-block-spacer\"><\/div>\n\n\n\n<p class=\"has-text-align-center\"><strong>RESEARCH TOPICS<\/strong><\/p>\n\n\n\n<section class=\"hestia-features\" id=\"features\" data-sorder=\"hestia_features\" style=\"padding-top: 0\" >\n\t<div class=\"container\">\t\t\t\t\t\t\t\t\n\t\t<div class=\"hestia-features-content\">\n\t\t\t<div class=\"row\">\t\t\t\t\n\t\t\t\t<div class=\"col-xs-12 col-md-4 feature-box\">\n\t\t\t\t\t<div class=\"hestia-info\">\n\t\t\t\t\t\t<a href=\"\/en\/o-projektu\/dizajn-i-primjena-spojeva-na-bazi-dusika-u-biomedicini-i-zastiti-okolisa\/\">\t\t\t\n\t\t\t\t\t\t\t<h4 class=\"info-title\">Design and Application of Nitrogen-Based Compounds in Biomedicine and Environmental Protection<\/h4>\n\t\t\t\t\t\t<\/a>\n\t\t\t\t\t<\/div>\n\t\t\t\t<\/div>\n\t\t\t\t<div class=\"col-xs-12 col-md-4 feature-box\">\n\t\t\t\t\t<div class=\"hestia-info\">\n\t\t\t\t\t\t<a href=\"\/en\/o-projektu\/razvoj-senzorskih-sustava-za-detekciju-triazola\/\">\n\t\t\t\t\t\t\t<h4 class=\"info-title\">Development of Sensor Systems for Triazole Detection<\/h4>\n\t\t\t\t\t\t<\/a>\n\t\t\t\t\t<\/div>\n\t\t\t\t<\/div>\n\t\t\t\t<div class=\"col-xs-12 col-md-4 feature-box\">\n\t\t\t\t\t<div class=\"hestia-info\">\n\t\t\t\t\t\t<a href=\"\/en\/o-projektu\/monitoring-organskih-oneciscivala-u-vodenim-ekosustavima\/\">\n\t\t\t\t\t\t\t<h4 class=\"info-title\">Monitoring of Organic Pollutants in Aquatic Ecosystems<\/h4>\n\t\t\t\t\t\t<\/a>\n\t\t\t\t\t<\/div>\n\t\t\t\t<\/div>\n\t\t\t\t<div class=\"col-xs-12 col-md-4 feature-box\">\n\t\t\t\t\t<div class=\"hestia-info\">\n\t\t\t\t\t\t<a href=\"\/en\/o-projektu\/analiza-biogenih-amina-kao-pokazatelja-sigurnosti-hrane\/\">\n\t\t\t\t\t\t\t<h4 class=\"info-title\">Analysis of Biogenic Amines as Food Safety Indicators<\/h4>\n\t\t\t\t\t\t<\/a>\n\t\t\t\t\t<\/div>\n\t\t\t\t<\/div>\n\t\t\t\t<div class=\"col-xs-12 col-md-4 feature-box\">\n\t\t\t\t\t<div class=\"hestia-info\">\n\t\t\t\t\t\t<a href=\"\/en\/o-projektu\/napredni-materijali-za-prociscavanje-otpadnih-voda\/\">\n\t\t\t\t\t\t\t<h4 class=\"info-title\">Advanced Materials for Wastewater Treatment<\/h4>\n\t\t\t\t\t\t<\/a>\n\t\t\t\t\t<\/div>\n\t\t\t\t<\/div>\n\t\t\t<\/div>\n\t\t<\/div>\n\t<\/div>\n<\/section>\n<style>\n.col-md-4 {\nwidth: 50% !important;\n}\n\/*.col-md-4:last-child {\nwidth: auto !important\n}\n.col-md-4:last-child .hestia-info {\nmax-width: none;\n}*\/\n.col-md-4:last-child {\nfloat:none;\nmargin: 0 auto;\n}\n<\/style>","protected":false},"excerpt":{"rendered":"<p>Projekt Integrirani pristupi u razvoju i analizi bioaktivnih i okoli\u0161no relevantnih funkcionalnih spojeva (INPRAFUN) predstavlja strate\u0161ki okvir za ja\u010danje znanstveno-istra\u017eiva\u010dke aktivnosti na Odjelu za kemiju kroz uspostavu integrirane, multidisciplinarne i suradni\u010dki usmjerene istra\u017eiva\u010dke jedinice. Povezivanjem stru\u010dnjaka iz podru\u010dja organske, analiti\u010dke i fizikalne kemije te biokemije i fizike, projekt postavlja temelje [&hellip;]<\/p>\n","protected":false},"author":1,"featured_media":0,"parent":0,"menu_order":0,"comment_status":"closed","ping_status":"closed","template":"","meta":{"_themeisle_gutenberg_block_has_review":false,"footnotes":""},"class_list":["post-37","page","type-page","status-publish","hentry"],"_links":{"self":[{"href":"https:\/\/inprafun.hr\/en\/wp-json\/wp\/v2\/pages\/37","targetHints":{"allow":["GET"]}}],"collection":[{"href":"https:\/\/inprafun.hr\/en\/wp-json\/wp\/v2\/pages"}],"about":[{"href":"https:\/\/inprafun.hr\/en\/wp-json\/wp\/v2\/types\/page"}],"author":[{"embeddable":true,"href":"https:\/\/inprafun.hr\/en\/wp-json\/wp\/v2\/users\/1"}],"replies":[{"embeddable":true,"href":"https:\/\/inprafun.hr\/en\/wp-json\/wp\/v2\/comments?post=37"}],"version-history":[{"count":32,"href":"https:\/\/inprafun.hr\/en\/wp-json\/wp\/v2\/pages\/37\/revisions"}],"predecessor-version":[{"id":311,"href":"https:\/\/inprafun.hr\/en\/wp-json\/wp\/v2\/pages\/37\/revisions\/311"}],"wp:attachment":[{"href":"https:\/\/inprafun.hr\/en\/wp-json\/wp\/v2\/media?parent=37"}],"curies":[{"name":"wp","href":"https:\/\/api.w.org\/{rel}","templated":true}]}}