{"id":39,"date":"2026-02-28T20:13:49","date_gmt":"2026-02-28T20:13:49","guid":{"rendered":"https:\/\/inprafun.hr\/?page_id=39"},"modified":"2026-03-22T10:32:52","modified_gmt":"2026-03-22T10:32:52","slug":"projektni-tim","status":"publish","type":"page","link":"https:\/\/inprafun.hr\/en\/projektni-tim\/","title":{"rendered":"Project team"},"content":{"rendered":"<p><a data-dialog=\"gajdosik\" href=\"#\" class=\"info-link\"><strong>Martina \u0160rajer Gajdo\u0161ik, PhD, Associate Professor<\/strong> <\/a><br>Josip Juraj Strossmayer University of Osijek \u2013 Department of Chemistry <br><a href=\"mailto:msgajdosik@kemija.unios.hr\">msgajdosik@kemija.unios.hr<\/a><br><a href=\"https:\/\/www.croris.hr\/osobe\/profil\/28191\">CroRIS profil<\/a><\/p>\n\n\n\n<p><strong><a data-dialog=\"samardzic\" href=\"#\" class=\"info-link\">Mirela Samard\u017ei\u0107, PhD, Full Professor<\/a><\/strong><br>Josip Juraj Strossmayer University of Osijek \u2013 Department of Chemistry<br><a href=\"mailto:msamardzic@kemija.unios.hr\">msamardzic@kemija.unios.hr<\/a><br><a href=\"https:\/\/www.croris.hr\/osobe\/profil\/28134\">CroRIS profil<\/a><\/p>\n\n\n\n<p><strong><a data-dialog=\"jozanovic\" href=\"#\" class=\"info-link\">Marija Jozanovi\u0107, PhD, Associate Professor<\/a><\/strong><br>Josip Juraj Strossmayer University of Osijek \u2013 Department of Chemistry<br><a href=\"mailto:mjozanovic@kemija.unios.hr\">mjozanovic@kemija.unios.hr<\/a><br><a href=\"https:\/\/www.croris.hr\/osobe\/profil\/30467\">CroRIS profil<\/a><\/p>\n\n\n\n<p><br><strong><a data-dialog=\"galovic\" href=\"#\" class=\"info-link\">Olivera Galovi\u0107, PhD, Assistant Professor<\/a><\/strong><br>Josip Juraj Strossmayer University of Osijek \u2013 Department of Chemistry<br><a href=\"mailto:ogalovic@kemija.unios.hr\">ogalovic@kemija.unios.hr<\/a><br><a href=\"https:\/\/www.croris.hr\/osobe\/profil\/28190\">CroRIS profil<\/a><\/p>\n\n\n\n<p><br><strong><a data-dialog=\"derd\" href=\"#\" class=\"info-link\">Igor \u0110er\u0111, PhD, Full Professor (tenured)<\/a><\/strong><br>Josip Juraj Strossmayer University of Osijek \u2013 Department of Chemistry<br><a href=\"mailto:idjerdj@kemija.unios.hr\">idjerdj@kemija.unios.hr<\/a><br><a href=\"https:\/\/www.croris.hr\/osobe\/profil\/4712\">CroRIS profil<\/a><\/p>\n\n\n\n<p><br><strong><a data-dialog=\"secenji\" href=\"#\" class=\"info-link\">Aleksandar Se\u010denji, PhD, Associate Professor<\/a><\/strong><br>Josip Juraj Strossmayer University of Osijek \u2013 Department of Chemistry<br><a href=\"mailto:szealex@kemija.unios.hr\">szealex@kemija.unios.hr<\/a><br><a href=\"https:\/\/www.croris.hr\/osobe\/profil\/32194\">CroRIS profil<\/a><\/p>\n\n\n\n<p><br><strong><a data-dialog=\"amic\" href=\"#\" class=\"info-link\">Ana Ami\u0107, PhD, Associate Professor<\/a><\/strong><br>Josip Juraj Strossmayer University of Osijek \u2013 Department of Chemistry<br><a href=\"mailto:aamic@kemija.unios.hr\">aamic@kemija.unios.hr<\/a><br><a href=\"https:\/\/www.croris.hr\/osobe\/profil\/31488\">CroRIS profil<\/a><\/p>\n\n\n\n<p><br><strong><a data-dialog=\"budetic\" href=\"#\" class=\"info-link\">Mateja Budeti\u0107, PhD, Assistant Professor<\/a><\/strong><br>Josip Juraj Strossmayer University of Osijek \u2013 Department of Chemistry<br><a href=\"mailto:mbudetic@kemija.unios.hr\">mbudetic@kemija.unios.hr<\/a><br><a href=\"https:\/\/www.croris.hr\/osobe\/profil\/34315\">CroRIS profil<\/a><\/p>\n\n\n\n<p><br><strong><a data-dialog=\"dandic\" href=\"#\" class=\"info-link\">Andrea Dandi\u0107, PhD, Senior Teaching Assistant<\/a><\/strong><br>Josip Juraj Strossmayer University of Osijek \u2013 Department of Chemistry<br><a href=\"mailto:andreajuric@kemija.unios.hr\">andreajuric@kemija.unios.hr<\/a><br><a href=\"https:\/\/www.croris.hr\/osobe\/profil\/33186\">CroRIS profil<\/a><\/p>\n\n\n\n<p><br><strong><a data-dialog=\"paurevic\" href=\"#\" class=\"info-link\">Marija Paurevi\u0107, PhD, Senior Teaching Assistant<\/a><\/strong><br>Josip Juraj Strossmayer University of Osijek \u2013 Department of Chemistry<br><a href=\"mailto:mpaurevic@kemija.unios.hr\">mpaurevic@kemija.unios.hr<\/a><br><a href=\"https:\/\/www.croris.hr\/osobe\/profil\/31890\">CroRIS profil<\/a><\/p>\n\n\n\n<p><br><strong><a data-dialog=\"brdaric\" href=\"#\" class=\"info-link\">Jelena Brdari\u0107 Kosanovi\u0107, PhD, Senior Teaching Assistant<\/a><\/strong><br>Josip Juraj Strossmayer University of Osijek \u2013 Department of Chemistry<br><a href=\"mailto:jbrdaric@kemija.unios.hr\">jbrdaric@kemija.unios.hr<\/a><br><a href=\"https:\/\/www.croris.hr\/osobe\/profil\/34316\">CroRIS profil<\/a><\/p>\n\n\n\n<div style=\"height:100px\" aria-hidden=\"true\" class=\"wp-block-spacer ticss-08b18e4d\"><\/div>\n\n\n<div class=\"overlay\" id=\"overlay\">\n<div class=\"dialog\" role=\"dialog\" aria-modal=\"true\">\n<div class=\"dialog-header\">\n<h2 class=\"dialog-title\" id=\"dialog-title\"><\/h2>\n<p>      <button class=\"close-btn\" id=\"close-btn\" aria-label=\"Close\">\u2715<\/button>\n    <\/div>\n<p class=\"dialog-body\" id=\"dialog-body\">\n<div class=\"dialog-footer\"><\/div>\n<\/p><\/div>\n<\/div>","protected":false},"excerpt":{"rendered":"<p>izv. prof. dr. sc. Martina \u0160rajer Gajdo\u0161ik; izvanredna profesorica Sveu\u010dili\u0161te Josipa Jurja Strossmayera u Osijeku \u2013 Odjel za kemiju msgajdosik@kemija.unios.hrCroRIS profil prof. dr. sc. Mirela Samard\u017ei\u0107; redovita profesoricaSveu\u010dili\u0161te Josipa Jurja Strossmayera u Osijeku \u2013 Odjel za kemijumsamardzic@kemija.unios.hrCroRIS profil izv. prof. dr. sc. Marija Jozanovi\u0107; izvanredna profesoricaSveu\u010dili\u0161te Josipa Jurja Strossmayera u [&hellip;]<\/p>\n","protected":false},"author":1,"featured_media":0,"parent":0,"menu_order":0,"comment_status":"closed","ping_status":"closed","template":"","meta":{"_themeisle_gutenberg_block_has_review":false,"footnotes":""},"class_list":["post-39","page","type-page","status-publish","hentry"],"_links":{"self":[{"href":"https:\/\/inprafun.hr\/en\/wp-json\/wp\/v2\/pages\/39","targetHints":{"allow":["GET"]}}],"collection":[{"href":"https:\/\/inprafun.hr\/en\/wp-json\/wp\/v2\/pages"}],"about":[{"href":"https:\/\/inprafun.hr\/en\/wp-json\/wp\/v2\/types\/page"}],"author":[{"embeddable":true,"href":"https:\/\/inprafun.hr\/en\/wp-json\/wp\/v2\/users\/1"}],"replies":[{"embeddable":true,"href":"https:\/\/inprafun.hr\/en\/wp-json\/wp\/v2\/comments?post=39"}],"version-history":[{"count":62,"href":"https:\/\/inprafun.hr\/en\/wp-json\/wp\/v2\/pages\/39\/revisions"}],"predecessor-version":[{"id":310,"href":"https:\/\/inprafun.hr\/en\/wp-json\/wp\/v2\/pages\/39\/revisions\/310"}],"wp:attachment":[{"href":"https:\/\/inprafun.hr\/en\/wp-json\/wp\/v2\/media?parent=39"}],"curies":[{"name":"wp","href":"https:\/\/api.w.org\/{rel}","templated":true}]}}