{"id":41,"date":"2026-02-28T20:14:00","date_gmt":"2026-02-28T20:14:00","guid":{"rendered":"https:\/\/inprafun.hr\/?page_id=41"},"modified":"2026-03-14T07:05:13","modified_gmt":"2026-03-14T07:05:13","slug":"projektne-aktivnosti","status":"publish","type":"page","link":"https:\/\/inprafun.hr\/en\/projektne-aktivnosti\/","title":{"rendered":"Project activities"},"content":{"rendered":"\n<div class=\"wp-block-query is-layout-flow wp-block-query-is-layout-flow\"><ul class=\"wp-block-post-template is-layout-flow wp-block-post-template-is-layout-flow\"><li class=\"wp-block-post post-203 post type-post status-publish format-standard hentry category-projekte-aktivnosti\">\n<div class=\"wp-block-post-date\"><time datetime=\"2026-03-14T06:52:22+00:00\">14.03.2026<\/time><\/div>\n\n<div class=\"entry-content wp-block-post-content is-layout-flow wp-block-post-content-is-layout-flow\">\n<h3 class=\"wp-block-heading\">Predstavljanje projekta INPRAFUN na Danima otvorenih vrata Odjela za kemiju<\/h3>\n\n\n\n<p>U sklopu Dana otvorenih vrata Odjela za kemiju predstavljen je projekt \u201eIntegrirani pristupi u razvoju i analizi bioaktivnih i okoli\u0161no relevantnih funkcionalnih spojeva \u2013 INPRAFUN\u201c.<\/p>\n\n\n\n<p>Tijekom doga\u0111anja posjetitelji su imali priliku upoznati se s glavnim ciljevima projekta, planiranim istra\u017eiva\u010dkim aktivnostima te mogu\u0107nostima uklju\u010divanja studenata u znanstveno-istra\u017eiva\u010dki rad u okviru projekta. <\/p>\n\n\n\n<p>Predstavljanje projekta dio je aktivnosti usmjerenih na popularizaciju znanosti i pribli\u017eavanje istra\u017eiva\u010dkog rada \u0161iroj javnosti.<\/p>\n\n\n\n<div id=\"wp-block-themeisle-blocks-slider-4cda165b\" class=\"wp-block-themeisle-blocks-slider glide\" data-per-view=\"1\" data-gap=\"0\" data-peek=\"0\" data-autoplay=\"true\" data-height=\"400px\" data-hide-arrows=\"false\"><div class=\"glide__track\" data-glide-el=\"track\"><div class=\"glide__slides\"><div class=\"wp-block-themeisle-blocks-slider-item-wrapper glide__slide\" tabindex=\"0\"><figure><img decoding=\"async\" class=\"wp-block-themeisle-blocks-slider-item\" src=\"https:\/\/inprafun.hr\/wp-content\/uploads\/2026\/03\/IMG_20260217_171625-scaled.jpg\" alt=\"\" title=\"\" data-id=\"218\"\/><\/figure><\/div><div class=\"wp-block-themeisle-blocks-slider-item-wrapper glide__slide\" tabindex=\"0\"><figure><img decoding=\"async\" class=\"wp-block-themeisle-blocks-slider-item\" src=\"https:\/\/inprafun.hr\/wp-content\/uploads\/2026\/03\/IMG_20260217_180612-scaled.jpg\" alt=\"\" title=\"\" data-id=\"219\"\/><\/figure><\/div><div class=\"wp-block-themeisle-blocks-slider-item-wrapper glide__slide\" tabindex=\"0\"><figure><img decoding=\"async\" class=\"wp-block-themeisle-blocks-slider-item\" src=\"https:\/\/inprafun.hr\/wp-content\/uploads\/2026\/03\/IMG_20260217_180632-scaled.jpg\" alt=\"\" title=\"\" data-id=\"220\"\/><\/figure><\/div><\/div><div class=\"glide__bullets\" data-glide-el=\"controls[nav]\"><button class=\"glide__bullet\" data-glide-dir=\"=0\"><\/button><button class=\"glide__bullet\" data-glide-dir=\"=1\"><\/button><button class=\"glide__bullet\" data-glide-dir=\"=2\"><\/button><\/div><\/div><\/div>\n\n\n\n<div style=\"height:100px\" aria-hidden=\"true\" class=\"wp-block-spacer\"><\/div>\n<\/div>\n\n\n<\/li><\/ul><\/div>\n\n\n\n<p><\/p>\n","protected":false},"excerpt":{"rendered":"","protected":false},"author":1,"featured_media":0,"parent":0,"menu_order":0,"comment_status":"closed","ping_status":"closed","template":"","meta":{"_themeisle_gutenberg_block_has_review":false,"footnotes":""},"class_list":["post-41","page","type-page","status-publish","hentry"],"_links":{"self":[{"href":"https:\/\/inprafun.hr\/en\/wp-json\/wp\/v2\/pages\/41","targetHints":{"allow":["GET"]}}],"collection":[{"href":"https:\/\/inprafun.hr\/en\/wp-json\/wp\/v2\/pages"}],"about":[{"href":"https:\/\/inprafun.hr\/en\/wp-json\/wp\/v2\/types\/page"}],"author":[{"embeddable":true,"href":"https:\/\/inprafun.hr\/en\/wp-json\/wp\/v2\/users\/1"}],"replies":[{"embeddable":true,"href":"https:\/\/inprafun.hr\/en\/wp-json\/wp\/v2\/comments?post=41"}],"version-history":[{"count":13,"href":"https:\/\/inprafun.hr\/en\/wp-json\/wp\/v2\/pages\/41\/revisions"}],"predecessor-version":[{"id":223,"href":"https:\/\/inprafun.hr\/en\/wp-json\/wp\/v2\/pages\/41\/revisions\/223"}],"wp:attachment":[{"href":"https:\/\/inprafun.hr\/en\/wp-json\/wp\/v2\/media?parent=41"}],"curies":[{"name":"wp","href":"https:\/\/api.w.org\/{rel}","templated":true}]}}